{"id":752,"date":"2023-10-22T11:50:40","date_gmt":"2023-10-22T16:50:40","guid":{"rendered":"https:\/\/aurora.carmis.ai\/?page_id=752"},"modified":"2024-06-26T15:53:15","modified_gmt":"2024-06-26T20:53:15","slug":"event-registration","status":"publish","type":"page","link":"https:\/\/aurora.carmis.ai\/fr\/event-registration\/","title":{"rendered":"Inscription \u00e0 l&#039;\u00e9v\u00e9nement"},"content":{"rendered":"<div id=\"cs-content\" class=\"cs-content\"><div class=\"x-section e752-e1 mkw-0 formbg\"><div class=\"x-row x-container max width e752-e2 mkw-1 mkw-2\"><div class=\"x-row-inner\"><div class=\"x-col e752-e3 mkw-3 NsdSpacerSmallAll\"><!DOCTYPE html><html><head><meta charset='UTF-8' \/><\/head><body class='GF_AJAX_POSTBACK'><p class=\"gform_not_found\">A\u00efe ! Nous n&#039;avons pas retrouv\u00e9 votre formulaire.<\/p><\/body><\/html><\/div><\/div><\/div><\/div><\/div>","protected":false},"excerpt":{"rendered":"<p>A\u00efe ! Nous n&#039;avons pas retrouv\u00e9 votre formulaire.<\/p>","protected":false},"author":5,"featured_media":625,"parent":0,"menu_order":0,"comment_status":"closed","ping_status":"closed","template":"template-blank-4.php","meta":{"_acf_changed":false,"inline_featured_image":false,"footnotes":""},"class_list":["post-752","page","type-page","status-publish","has-post-thumbnail","hentry"],"acf":[],"yoast_head":"<!-- This site is optimized with the Yoast SEO plugin v27.5 - https:\/\/yoast.com\/product\/yoast-seo-wordpress\/ -->\n<title>Event Registration - CARMIS Smart Forms - Aurora Family Therapy Centre<\/title>\n<meta name=\"robots\" content=\"index, follow, max-snippet:-1, max-image-preview:large, max-video-preview:-1\" \/>\n<link rel=\"canonical\" href=\"https:\/\/aurora.carmis.ai\/fr\/event-registration\/\" \/>\n<meta property=\"og:locale\" content=\"fr_CA\" \/>\n<meta property=\"og:type\" content=\"article\" \/>\n<meta property=\"og:title\" content=\"Event Registration - CARMIS Smart Forms - Aurora Family Therapy Centre\" \/>\n<meta property=\"og:description\" content=\"A\u00efe! Nous n\u2019avons pas retrouv\u00e9 votre formulaire.\" \/>\n<meta property=\"og:url\" content=\"https:\/\/aurora.carmis.ai\/fr\/event-registration\/\" \/>\n<meta property=\"og:site_name\" content=\"CARMIS Smart Forms - Aurora Family Therapy Centre\" \/>\n<meta property=\"article:modified_time\" content=\"2024-06-26T20:53:15+00:00\" \/>\n<meta name=\"twitter:card\" content=\"summary_large_image\" \/>\n<meta name=\"twitter:label1\" content=\"Estimation du temps de lecture\" \/>\n\t<meta name=\"twitter:data1\" content=\"4 minutes\" \/>\n<script type=\"application\/ld+json\" class=\"yoast-schema-graph\">{\"@context\":\"https:\\\/\\\/schema.org\",\"@graph\":[{\"@type\":\"WebPage\",\"@id\":\"https:\\\/\\\/aurora.carmis.ai\\\/event-registration\\\/\",\"url\":\"https:\\\/\\\/aurora.carmis.ai\\\/event-registration\\\/\",\"name\":\"Event Registration - CARMIS Smart Forms - Aurora Family Therapy Centre\",\"isPartOf\":{\"@id\":\"https:\\\/\\\/aurora.carmis.ai\\\/#website\"},\"primaryImageOfPage\":{\"@id\":\"https:\\\/\\\/aurora.carmis.ai\\\/event-registration\\\/#primaryimage\"},\"image\":{\"@id\":\"https:\\\/\\\/aurora.carmis.ai\\\/event-registration\\\/#primaryimage\"},\"thumbnailUrl\":\"\",\"datePublished\":\"2023-10-22T16:50:40+00:00\",\"dateModified\":\"2024-06-26T20:53:15+00:00\",\"breadcrumb\":{\"@id\":\"https:\\\/\\\/aurora.carmis.ai\\\/event-registration\\\/#breadcrumb\"},\"inLanguage\":\"fr-CA\",\"potentialAction\":[{\"@type\":\"ReadAction\",\"target\":[\"https:\\\/\\\/aurora.carmis.ai\\\/event-registration\\\/\"]}]},{\"@type\":\"ImageObject\",\"inLanguage\":\"fr-CA\",\"@id\":\"https:\\\/\\\/aurora.carmis.ai\\\/event-registration\\\/#primaryimage\",\"url\":\"\",\"contentUrl\":\"\"},{\"@type\":\"BreadcrumbList\",\"@id\":\"https:\\\/\\\/aurora.carmis.ai\\\/event-registration\\\/#breadcrumb\",\"itemListElement\":[{\"@type\":\"ListItem\",\"position\":1,\"name\":\"Home\",\"item\":\"https:\\\/\\\/aurora.carmis.ai\\\/\"},{\"@type\":\"ListItem\",\"position\":2,\"name\":\"Event Registration\"}]},{\"@type\":\"WebSite\",\"@id\":\"https:\\\/\\\/aurora.carmis.ai\\\/#website\",\"url\":\"https:\\\/\\\/aurora.carmis.ai\\\/\",\"name\":\"CARMIS Smart Forms - Aurora Family Therapy Centre\",\"description\":\"Aurora Family Therapy Centre\",\"potentialAction\":[{\"@type\":\"SearchAction\",\"target\":{\"@type\":\"EntryPoint\",\"urlTemplate\":\"https:\\\/\\\/aurora.carmis.ai\\\/?s={search_term_string}\"},\"query-input\":{\"@type\":\"PropertyValueSpecification\",\"valueRequired\":true,\"valueName\":\"search_term_string\"}}],\"inLanguage\":\"fr-CA\"}]}<\/script>\n<!-- \/ Yoast SEO plugin. -->","yoast_head_json":{"title":"Inscription aux \u00e9v\u00e9nements - Formulaires intelligents CARMIS - Centre de th\u00e9rapie familiale Aurora","robots":{"index":"index","follow":"follow","max-snippet":"max-snippet:-1","max-image-preview":"max-image-preview:large","max-video-preview":"max-video-preview:-1"},"canonical":"https:\/\/aurora.carmis.ai\/fr\/event-registration\/","og_locale":"fr_CA","og_type":"article","og_title":"Event Registration - CARMIS Smart Forms - Aurora Family Therapy Centre","og_description":"A\u00efe! Nous n\u2019avons pas retrouv\u00e9 votre formulaire.","og_url":"https:\/\/aurora.carmis.ai\/fr\/event-registration\/","og_site_name":"CARMIS Smart Forms - Aurora Family Therapy Centre","article_modified_time":"2024-06-26T20:53:15+00:00","twitter_card":"summary_large_image","twitter_misc":{"Estimation du temps de lecture":"4 minutes"},"schema":{"@context":"https:\/\/schema.org","@graph":[{"@type":"WebPage","@id":"https:\/\/aurora.carmis.ai\/event-registration\/","url":"https:\/\/aurora.carmis.ai\/event-registration\/","name":"Inscription aux \u00e9v\u00e9nements - Formulaires intelligents CARMIS - Centre de th\u00e9rapie familiale Aurora","isPartOf":{"@id":"https:\/\/aurora.carmis.ai\/#website"},"primaryImageOfPage":{"@id":"https:\/\/aurora.carmis.ai\/event-registration\/#primaryimage"},"image":{"@id":"https:\/\/aurora.carmis.ai\/event-registration\/#primaryimage"},"thumbnailUrl":"","datePublished":"2023-10-22T16:50:40+00:00","dateModified":"2024-06-26T20:53:15+00:00","breadcrumb":{"@id":"https:\/\/aurora.carmis.ai\/event-registration\/#breadcrumb"},"inLanguage":"fr-CA","potentialAction":[{"@type":"ReadAction","target":["https:\/\/aurora.carmis.ai\/event-registration\/"]}]},{"@type":"ImageObject","inLanguage":"fr-CA","@id":"https:\/\/aurora.carmis.ai\/event-registration\/#primaryimage","url":"","contentUrl":""},{"@type":"BreadcrumbList","@id":"https:\/\/aurora.carmis.ai\/event-registration\/#breadcrumb","itemListElement":[{"@type":"ListItem","position":1,"name":"Home","item":"https:\/\/aurora.carmis.ai\/"},{"@type":"ListItem","position":2,"name":"Event Registration"}]},{"@type":"WebSite","@id":"https:\/\/aurora.carmis.ai\/#website","url":"https:\/\/aurora.carmis.ai\/","name":"Formulaires intelligents CARMIS - Centre de th\u00e9rapie familiale Aurora","description":"Centre de th\u00e9rapie familiale Aurora","potentialAction":[{"@type":"SearchAction","target":{"@type":"EntryPoint","urlTemplate":"https:\/\/aurora.carmis.ai\/?s={search_term_string}"},"query-input":{"@type":"PropertyValueSpecification","valueRequired":true,"valueName":"search_term_string"}}],"inLanguage":"fr-CA"}]}},"_links":{"self":[{"href":"https:\/\/aurora.carmis.ai\/fr\/wp-json\/wp\/v2\/pages\/752","targetHints":{"allow":["GET"]}}],"collection":[{"href":"https:\/\/aurora.carmis.ai\/fr\/wp-json\/wp\/v2\/pages"}],"about":[{"href":"https:\/\/aurora.carmis.ai\/fr\/wp-json\/wp\/v2\/types\/page"}],"author":[{"embeddable":true,"href":"https:\/\/aurora.carmis.ai\/fr\/wp-json\/wp\/v2\/users\/5"}],"replies":[{"embeddable":true,"href":"https:\/\/aurora.carmis.ai\/fr\/wp-json\/wp\/v2\/comments?post=752"}],"version-history":[{"count":4,"href":"https:\/\/aurora.carmis.ai\/fr\/wp-json\/wp\/v2\/pages\/752\/revisions"}],"predecessor-version":[{"id":793,"href":"https:\/\/aurora.carmis.ai\/fr\/wp-json\/wp\/v2\/pages\/752\/revisions\/793"}],"wp:featuredmedia":[{"embeddable":true,"href":"https:\/\/aurora.carmis.ai\/fr\/wp-json\/"}],"wp:attachment":[{"href":"https:\/\/aurora.carmis.ai\/fr\/wp-json\/wp\/v2\/media?parent=752"}],"curies":[{"name":"wp","href":"https:\/\/api.w.org\/{rel}","templated":true}]}}